{"id":8,"date":"2014-05-09T11:43:59","date_gmt":"2014-05-09T09:43:59","guid":{"rendered":"http:\/\/check-sys.de\/fewo-huelsmann\/?page_id=8"},"modified":"2014-05-09T11:43:59","modified_gmt":"2014-05-09T09:43:59","slug":"ferienwohnungen","status":"publish","type":"page","link":"https:\/\/www.fewo-huelsmann.de\/?page_id=8","title":{"rendered":"Ferienwohnungen"},"content":{"rendered":"<p>&nbsp;<\/p>\n<h1><span style=\"color: #000000;\">Die Wohnungen befinden sich im Ort Schweiburg. Sie sind alle mit TV, Internet-Gastzugang, Mikrowelle und\u00a0<\/span><span style=\"color: #000000;\">Backofen ausgestattet.<\/span><\/h1>\n<h1><br style=\"color: #000000;\" \/><span style=\"color: #000000;\">Vor Ort finden Sie Lebensmittelmarkt, B\u00e4ckerei mit Cafe, Cafe, Raiffeisenbank sowie\u00a0<\/span><span style=\"color: #000000;\">Tankstelle und Gastst\u00e4tten.<\/span><br style=\"color: #000000;\" \/><span style=\"color: #000000;\">F\u00fcr gr\u00f6\u00dfere Eink\u00e4ufe empfehlen wir\u00a0das 8 km entfernte Varel, mit etlichen Anbietern<\/span><br style=\"color: #000000;\" \/><span style=\"color: #000000;\">oder auch die umliegenden Gro\u00dfst\u00e4dte Oldenburg, Wilhelmshaven und Bremerhaven,\u00a0<\/span><span style=\"color: #000000;\">ca. 30 km Entfernung.<\/span><\/h1>\n","protected":false},"excerpt":{"rendered":"<p>&nbsp; Die Wohnungen befinden sich im Ort Schweiburg. Sie sind alle mit TV, Internet-Gastzugang, Mikrowelle und\u00a0Backofen ausgestattet. Vor Ort finden Sie Lebensmittelmarkt, B\u00e4ckerei mit Cafe, Cafe, Raiffeisenbank sowie\u00a0Tankstelle und Gastst\u00e4tten.F\u00fcr gr\u00f6\u00dfere Eink\u00e4ufe empfehlen wir\u00a0das 8 km entfernte Varel, mit etlichen&hellip; <\/p>\n","protected":false},"author":1,"featured_media":0,"parent":0,"menu_order":1,"comment_status":"closed","ping_status":"closed","template":"","meta":[],"_links":{"self":[{"href":"https:\/\/www.fewo-huelsmann.de\/index.php?rest_route=\/wp\/v2\/pages\/8"}],"collection":[{"href":"https:\/\/www.fewo-huelsmann.de\/index.php?rest_route=\/wp\/v2\/pages"}],"about":[{"href":"https:\/\/www.fewo-huelsmann.de\/index.php?rest_route=\/wp\/v2\/types\/page"}],"author":[{"embeddable":true,"href":"https:\/\/www.fewo-huelsmann.de\/index.php?rest_route=\/wp\/v2\/users\/1"}],"replies":[{"embeddable":true,"href":"https:\/\/www.fewo-huelsmann.de\/index.php?rest_route=%2Fwp%2Fv2%2Fcomments&post=8"}],"version-history":[{"count":0,"href":"https:\/\/www.fewo-huelsmann.de\/index.php?rest_route=\/wp\/v2\/pages\/8\/revisions"}],"wp:attachment":[{"href":"https:\/\/www.fewo-huelsmann.de\/index.php?rest_route=%2Fwp%2Fv2%2Fmedia&parent=8"}],"curies":[{"name":"wp","href":"https:\/\/api.w.org\/{rel}","templated":true}]}}