{"id":74,"date":"2014-05-10T22:49:02","date_gmt":"2014-05-10T20:49:02","guid":{"rendered":"http:\/\/check-sys.de\/fewo-huelsmann\/?page_id=74"},"modified":"2014-05-10T22:49:02","modified_gmt":"2014-05-10T20:49:02","slug":"links-der-region","status":"publish","type":"page","link":"https:\/\/www.fewo-huelsmann.de\/?page_id=74","title":{"rendered":"Links der Region"},"content":{"rendered":"<p style=\"text-align: justify;\"><span style=\"color: #0000ff;\">Angebote aus der n\u00e4heren Region,<\/span><\/p>\n<p style=\"text-align: justify;\"><span style=\"color: #0000ff;\">Kultur, Natur, Freizeit und Spa\u00df<\/span><\/p>\n<p>&nbsp;<\/p>\n<h5>\u00a0 <a href=\"http:\/\/www.proregion.info\" target=\"_blank\">www.proregion.info<\/a><\/h5>\n<h5><\/h5>\n<h5>\u00a0 <a href=\"http:\/\/www.urlaub-wesermarsch.de\" target=\"_blank\">www.urlaub-wesermarsch.de<\/a><\/h5>\n<p>&nbsp;<\/p>\n<h5>\u00a0\u00a0<a href=\"http:\/\/www.ruhigundgemuetlich.de\" target=\"_blank\">www.ruhigundgemuetlich.de<\/a><\/h5>\n<p>&nbsp;<\/p>\n<h5>\u00a0\u00a0<a href=\"http:\/\/www.kiekpadd.de\" target=\"_blank\">www.kiekpadd.de<\/a><\/h5>\n<p>&nbsp;<\/p>\n<h5>\u00a0 <a href=\"http:\/\/www.jaderpark.de\" target=\"_blank\">www.jaderpark.de<\/a><\/h5>\n<p>&nbsp;<\/p>\n<h5>\u00a0 <a href=\"http:\/\/www.kanu-jade.de\" target=\"_blank\">www.kanu-jade.de<\/a><\/h5>\n<p>&nbsp;<\/p>\n<h5>\u00a0 \u00a0 \u00a0<a href=\"http:\/\/www.museum-moorseer-muehle.de\" target=\"_blank\">www.museum-moorseer-muehle.de<\/a><\/h5>\n<p>&nbsp;<\/p>\n<h5>\u00a0 \u00a0 \u00a0<a href=\"http:\/\/www.bezirksinfo.de\" target=\"_blank\">www.bezirksinfo.de<\/a><\/h5>\n<p>&nbsp;<\/p>\n<p>&nbsp;<\/p>\n<p><a href=\"http:\/\/www.deutschland-monteurzimmer.de\" target=\"_blank\"><br \/>\n<span style=\"color: black; font-family: Arial;\">Bei <strong>Deutschland Monteurzimmer<\/strong> finden Sie preiswerte Monteurzimmer, Monteurunterk\u00fcnfte und Monteurwohnungen in ganz Deutschland.<\/span><\/a><\/p>\n<p>&nbsp;<\/p>\n<p>F\u00fcr Inhalte und Angebote der aufgef\u00fchrten Links, \u00fcbernehmen wir keine Verantwortung<\/p>\n","protected":false},"excerpt":{"rendered":"<p>Angebote aus der n\u00e4heren Region, Kultur, Natur, Freizeit und Spa\u00df &nbsp; \u00a0 www.proregion.info \u00a0 www.urlaub-wesermarsch.de &nbsp; \u00a0\u00a0www.ruhigundgemuetlich.de &nbsp; \u00a0\u00a0www.kiekpadd.de &nbsp; \u00a0 www.jaderpark.de &nbsp; \u00a0 www.kanu-jade.de &nbsp; \u00a0 \u00a0 \u00a0www.museum-moorseer-muehle.de &nbsp; \u00a0 \u00a0 \u00a0www.bezirksinfo.de &nbsp; &nbsp; Bei Deutschland Monteurzimmer finden Sie&hellip; <\/p>\n","protected":false},"author":1,"featured_media":0,"parent":0,"menu_order":8,"comment_status":"closed","ping_status":"closed","template":"","meta":[],"_links":{"self":[{"href":"https:\/\/www.fewo-huelsmann.de\/index.php?rest_route=\/wp\/v2\/pages\/74"}],"collection":[{"href":"https:\/\/www.fewo-huelsmann.de\/index.php?rest_route=\/wp\/v2\/pages"}],"about":[{"href":"https:\/\/www.fewo-huelsmann.de\/index.php?rest_route=\/wp\/v2\/types\/page"}],"author":[{"embeddable":true,"href":"https:\/\/www.fewo-huelsmann.de\/index.php?rest_route=\/wp\/v2\/users\/1"}],"replies":[{"embeddable":true,"href":"https:\/\/www.fewo-huelsmann.de\/index.php?rest_route=%2Fwp%2Fv2%2Fcomments&post=74"}],"version-history":[{"count":0,"href":"https:\/\/www.fewo-huelsmann.de\/index.php?rest_route=\/wp\/v2\/pages\/74\/revisions"}],"wp:attachment":[{"href":"https:\/\/www.fewo-huelsmann.de\/index.php?rest_route=%2Fwp%2Fv2%2Fmedia&parent=74"}],"curies":[{"name":"wp","href":"https:\/\/api.w.org\/{rel}","templated":true}]}}