{"id":56,"date":"2014-05-10T21:51:58","date_gmt":"2014-05-10T19:51:58","guid":{"rendered":"http:\/\/check-sys.de\/fewo-huelsmann\/?page_id=56"},"modified":"2020-06-03T12:45:02","modified_gmt":"2020-06-03T10:45:02","slug":"impressum","status":"publish","type":"page","link":"https:\/\/www.fewo-huelsmann.de\/?page_id=56","title":{"rendered":"Impressum"},"content":{"rendered":"<p>IMPRESSUM\/COPYRIGHT\/PFLICHTANGABEN nach \u00a7 5 Telemediengesetz (TMG)<\/p>\n<p style=\"text-align: left;\">Irmtraud und Helmut H\u00fclsmann GbR<\/p>\n<p style=\"text-align: left;\">Tulpenstr. 1<\/p>\n<p style=\"text-align: left;\">26349 Jade-Schweiburg<\/p>\n<p style=\"text-align: left;\">Tel. +49 \u00a004455 601<\/p>\n<p><span style=\"color: #ff000f;\"><span style=\"text-decoration: underline;\"><br \/>\n<\/span><\/span><span style=\"color: #424437;\"><br \/>\n<\/span><span style=\"font-weight: bold; color: #424437;\">Haftung f\u00fcr Inhalte<\/span><span style=\"color: #424437;\">\u00a0<\/span><\/p>\n<p><span style=\"color: #424437;\">Die Inhalte dieser Seiten werden mit gr\u00f6\u00dfter Sorgfalt erstellt. F\u00fcr Richtigkeit, Vollst\u00e4ndigkeit und Aktualit\u00e4t dieser Inhalte kann jedoch keine Haftung \u00fcbernommen werden. Schon die Tatsache, dass sich das Recht und Technologien weiter entwickeln, f\u00fchrt dazu, dass Informationen nach einiger Zeit veraltet, unrichtig oder widerspr\u00fcchlich sein k\u00f6nnen.<br \/>\n<\/span><\/p>\n<p><span style=\"font-weight: bold; color: #424437;\"><br \/>\nMarken<\/span><span style=\"color: #424437;\">\u00a0<\/span><\/p>\n<p><span style=\"color: #424437;\">Viele Gebrauchs- und Warennamen, die auf der Website die\u00a0erw\u00e4hnt werden, sind gleichzeitig eingetragene Warenzeichen oder sollten als solche betrachtet werden. Die Informationen auf dieser Internetseite werden ohne R\u00fccksicht auf einen eventuellen Patentschutz ver\u00f6ffentlicht. Warennamen werden ohne Gew\u00e4hrleistung der freien Verwendbarkeit benutzt. Alle Rechte sind vorbehalten.<br \/>\n<\/span><\/p>\n<p><span style=\"font-weight: bold; color: #424437;\"><br \/>\nHaftung f\u00fcr Links<\/span><span style=\"color: #424437;\">\u00a0<\/span><\/p>\n<p><span style=\"color: #424437;\">Links k\u00f6nnen zu Inhalten fremder Anbieter f\u00fchren. F\u00fcr diese Inhalte ist allein der jeweilige Anbieter verantwortlich. Bei Bekanntwerden von Rechtsverletzungen werden diese Links umgehend entfernt.<\/span><\/p>\n<p>Steuernummer: \u00a06311900746 \u00a0 \u00a0(Finanzamt: \u00a026954 Nordenham)<\/p>\n","protected":false},"excerpt":{"rendered":"<p>IMPRESSUM\/COPYRIGHT\/PFLICHTANGABEN nach \u00a7 5 Telemediengesetz (TMG) Irmtraud und Helmut H\u00fclsmann GbR Tulpenstr. 1 26349 Jade-Schweiburg Tel. +49 \u00a004455 601 Haftung f\u00fcr Inhalte\u00a0 Die Inhalte dieser Seiten werden mit gr\u00f6\u00dfter Sorgfalt erstellt. F\u00fcr Richtigkeit, Vollst\u00e4ndigkeit und Aktualit\u00e4t dieser Inhalte kann jedoch&hellip; <\/p>\n","protected":false},"author":1,"featured_media":0,"parent":0,"menu_order":9,"comment_status":"closed","ping_status":"closed","template":"","meta":[],"_links":{"self":[{"href":"https:\/\/www.fewo-huelsmann.de\/index.php?rest_route=\/wp\/v2\/pages\/56"}],"collection":[{"href":"https:\/\/www.fewo-huelsmann.de\/index.php?rest_route=\/wp\/v2\/pages"}],"about":[{"href":"https:\/\/www.fewo-huelsmann.de\/index.php?rest_route=\/wp\/v2\/types\/page"}],"author":[{"embeddable":true,"href":"https:\/\/www.fewo-huelsmann.de\/index.php?rest_route=\/wp\/v2\/users\/1"}],"replies":[{"embeddable":true,"href":"https:\/\/www.fewo-huelsmann.de\/index.php?rest_route=%2Fwp%2Fv2%2Fcomments&post=56"}],"version-history":[{"count":1,"href":"https:\/\/www.fewo-huelsmann.de\/index.php?rest_route=\/wp\/v2\/pages\/56\/revisions"}],"predecessor-version":[{"id":213,"href":"https:\/\/www.fewo-huelsmann.de\/index.php?rest_route=\/wp\/v2\/pages\/56\/revisions\/213"}],"wp:attachment":[{"href":"https:\/\/www.fewo-huelsmann.de\/index.php?rest_route=%2Fwp%2Fv2%2Fmedia&parent=56"}],"curies":[{"name":"wp","href":"https:\/\/api.w.org\/{rel}","templated":true}]}}