{"id":55,"date":"2014-05-10T21:34:53","date_gmt":"2014-05-10T19:34:53","guid":{"rendered":"http:\/\/check-sys.de\/fewo-huelsmann\/?page_id=54"},"modified":"2018-01-03T21:35:46","modified_gmt":"2018-01-03T20:35:46","slug":"miniwohnung","status":"publish","type":"page","link":"https:\/\/www.fewo-huelsmann.de\/?page_id=55","title":{"rendered":"Klein und Fein"},"content":{"rendered":"<div id=\"metaslider-id-187\" style=\"max-width: 466px;\" class=\"ml-slider-3-24-0 metaslider metaslider-coin metaslider-187 ml-slider\">\n    <div id=\"metaslider_container_187\">\n        <div id='metaslider_187' class='coin-slider'>\n<a href=\"javascript:void(0)\" target=\"_self\"><img src=\"https:\/\/www.fewo-huelsmann.de\/wp-content\/uploads\/2016\/05\/bild4-452x291.png\" height=\"300\" width=\"466\" alt=\"\" class=\"slider-187 slide-192\" style=\"display: none;\" \/><\/a>\n<a href=\"javascript:void(0)\" target=\"_self\"><img src=\"https:\/\/www.fewo-huelsmann.de\/wp-content\/uploads\/2016\/05\/bild6-442x285.png\" height=\"300\" width=\"466\" alt=\"\" class=\"slider-187 slide-193\" style=\"display: none;\" \/><\/a>\n<a href=\"javascript:void(0)\" target=\"_self\"><img src=\"https:\/\/www.fewo-huelsmann.de\/wp-content\/uploads\/2016\/05\/bild5-432x278.png\" height=\"300\" width=\"466\" alt=\"\" class=\"slider-187 slide-194\" style=\"display: none;\" \/><\/a>\n<a href=\"javascript:void(0)\" target=\"_self\"><img src=\"https:\/\/www.fewo-huelsmann.de\/wp-content\/uploads\/2016\/05\/bild3-429x276.png\" height=\"300\" width=\"466\" alt=\"\" class=\"slider-187 slide-195\" style=\"display: none;\" \/><\/a>\n<a href=\"javascript:void(0)\" target=\"_self\"><img src=\"https:\/\/www.fewo-huelsmann.de\/wp-content\/uploads\/2016\/05\/bild2-465x300-465x299.png\" height=\"300\" width=\"466\" alt=\"\" class=\"slider-187 slide-196\" style=\"display: none;\" \/><\/a>\n<a href=\"javascript:void(0)\" target=\"_self\"><img src=\"https:\/\/www.fewo-huelsmann.de\/wp-content\/uploads\/2016\/05\/bild1-300x244-300x193.png\" height=\"300\" width=\"466\" alt=\"\" class=\"slider-187 slide-197\" style=\"display: none;\" \/><\/a>\n        <\/div>\n        \n    <\/div>\n<\/div>\n<p>&nbsp;<\/p>\n<p>F\u00fcr 2 Personen,<\/p>\n<p>1 Schlafzimmer\u00a0mit 2 Einzelbetten,<\/p>\n<p>Wohnk\u00fcche, kpl. eingerichtet zur Selbstversorgung<\/p>\n<p>2 Balkone, Wohnzimmer und Bad,<\/p>\n<p>separater Zugang und Parkplatz.<\/p>\n<p>&nbsp;<\/p>\n<p>Preise: 1-2 Personen Hauptsaison 55,&#8211; Euro pro Tag und in der Nebensaison 45,&#8211; Euro pro Tag<\/p>\n<p>&nbsp;<\/p>\n<p>F\u00fcr Anmietung, Wochen, Monate, (Monteure) bieten wir auch Sonderpreise, sprechen Sie uns an.<\/p>\n<p>Keine Endreinigung.<\/p>\n<p>F\u00fcr alle Wohnungen sind Bettw\u00e4sche, Handt\u00fccher\u00a0 und Geschirrt\u00fccher\u00a0\u00a0 im Preis enthalten,<\/p>\n<p>&nbsp;<\/p>\n","protected":false},"excerpt":{"rendered":"<p>&nbsp; F\u00fcr 2 Personen, 1 Schlafzimmer\u00a0mit 2 Einzelbetten, Wohnk\u00fcche, kpl. eingerichtet zur Selbstversorgung 2 Balkone, Wohnzimmer und Bad, separater Zugang und Parkplatz. &nbsp; Preise: 1-2 Personen Hauptsaison 55,&#8211; Euro pro Tag und in der Nebensaison 45,&#8211; Euro pro Tag &nbsp;&hellip; <\/p>\n","protected":false},"author":1,"featured_media":0,"parent":8,"menu_order":5,"comment_status":"closed","ping_status":"closed","template":"","meta":[],"_links":{"self":[{"href":"https:\/\/www.fewo-huelsmann.de\/index.php?rest_route=\/wp\/v2\/pages\/55"}],"collection":[{"href":"https:\/\/www.fewo-huelsmann.de\/index.php?rest_route=\/wp\/v2\/pages"}],"about":[{"href":"https:\/\/www.fewo-huelsmann.de\/index.php?rest_route=\/wp\/v2\/types\/page"}],"author":[{"embeddable":true,"href":"https:\/\/www.fewo-huelsmann.de\/index.php?rest_route=\/wp\/v2\/users\/1"}],"replies":[{"embeddable":true,"href":"https:\/\/www.fewo-huelsmann.de\/index.php?rest_route=%2Fwp%2Fv2%2Fcomments&post=55"}],"version-history":[{"count":1,"href":"https:\/\/www.fewo-huelsmann.de\/index.php?rest_route=\/wp\/v2\/pages\/55\/revisions"}],"predecessor-version":[{"id":199,"href":"https:\/\/www.fewo-huelsmann.de\/index.php?rest_route=\/wp\/v2\/pages\/55\/revisions\/199"}],"up":[{"embeddable":true,"href":"https:\/\/www.fewo-huelsmann.de\/index.php?rest_route=\/wp\/v2\/pages\/8"}],"wp:attachment":[{"href":"https:\/\/www.fewo-huelsmann.de\/index.php?rest_route=%2Fwp%2Fv2%2Fmedia&parent=55"}],"curies":[{"name":"wp","href":"https:\/\/api.w.org\/{rel}","templated":true}]}}