{"id":54,"date":"2014-05-07T18:55:10","date_gmt":"2014-05-07T18:55:10","guid":{"rendered":"http:\/\/check-sys.de\/fewo-huelsmann\/?page_id=2"},"modified":"2020-06-03T12:24:20","modified_gmt":"2020-06-03T10:24:20","slug":"beispiel-seite","status":"publish","type":"page","link":"https:\/\/www.fewo-huelsmann.de\/","title":{"rendered":"Herzlich Willkommen"},"content":{"rendered":"<p><img loading=\"lazy\" width=\"744\" height=\"496\" class=\"alignnone  wp-image-20\" alt=\"\" src=\"http:\/\/www.fewo-huelsmann.de\/wp-content\/uploads\/2014\/05\/IMG_7899-300x200.jpg\" srcset=\"https:\/\/www.fewo-huelsmann.de\/wp-content\/uploads\/2014\/05\/IMG_7899-300x200.jpg 300w, https:\/\/www.fewo-huelsmann.de\/wp-content\/uploads\/2014\/05\/IMG_7899-768x512.jpg 768w, https:\/\/www.fewo-huelsmann.de\/wp-content\/uploads\/2014\/05\/IMG_7899-1024x683.jpg 1024w, https:\/\/www.fewo-huelsmann.de\/wp-content\/uploads\/2014\/05\/IMG_7899-1200x800.jpg 1200w\" sizes=\"(max-width: 744px) 100vw, 744px\" \/><\/p>\n<p>&nbsp;<\/p>\n<p><strong>Verbringen Sie ihren Urlaub am Jadebusen\/Nordsee, am Nationalpark Nieders\u00e4chsisches<\/strong><br \/>\n<strong>Wattenmeer, mit dem Schwimmenden Moor, einzigartig.<\/strong><\/p>\n<p>Schweiburg, 800 m zum Jadebusendeich in der Gemeinde Jade, liegt zentral<br \/>\nzu den Seehafenst\u00e4dten Wilhemshaven und Bremerhaven,<br \/>\nsowie Brake und Elsfleth. Der Jaderpark, Tierpark und Freizeitpark mit Spielscheune,<br \/>\nbekannt aus dem TV, sowie das Strandbad Sehestedt mit Campingplatz liegt in der Gemeinde.<\/p>\n<p>Sie finden hier eine wundersch\u00f6ne Marsch- und Moorlandschaft, mit gut ausgebauten Radwegen.<br \/>\nWeitere Unternehmungen:<br \/>\nKanutouren auf der Jade, Angeln, Weg ans Watt, historischer Fu\u00dfweg vom<br \/>\nDeich bis an die Wattkante mit kunstvoll geschnitzten Skulpturen als Wegweiser,<br \/>\nBohlenweg ins &#8222;Schwimmende Moor&#8220; oder durch den Bollenhagener Moorwald,<br \/>\nErkundungstouren im Watt, auch mit sachkundiger F\u00fchrung.<\/p>\n<p>F\u00fcr die kreativen unter Ihnen bieten wir auch unseren &#8222;<a href=\"http:\/\/invictus-senjin.de\/fewo-huelsmann\/?page_id=159\">T\u00f6pferkurs f\u00fcr Anf\u00e4nger<\/a>&#8220; an!<\/p>\n<p>&nbsp;<\/p>\n<p><strong>Wir bieten Ihnen gut ausgestattete Ferienwohnungen, ob Miniwohnung f\u00fcr bis zu 2 Personen&nbsp;<\/strong><strong>oder Wohnungen f\u00fcr bis zu 4, oder auch 5 Personen&nbsp;(einschlie\u00dflich Bettw\u00e4sche und Handt\u00fccher, keine Endreinigung)<\/strong><\/p>\n<p>Sprechen Sie uns an, wir helfen gerne.<\/p>\n<p>Wir bieten Tages-, Wochen- oder auch Monatspreise.<\/p>\n<p>Selbstverst\u00e4ndlich sind auch Monteure&nbsp;herzlich willkommen.<\/p>\n<p><span style=\"font-size: 14px;\">&nbsp;<\/span><\/p>\n<blockquote><p>Rad fahren, Ruhe genie\u00dfen, frische Luft, wilde Natur und Meer<\/p><\/blockquote>\n","protected":false},"excerpt":{"rendered":"<p>&nbsp; Verbringen Sie ihren Urlaub am Jadebusen\/Nordsee, am Nationalpark Nieders\u00e4chsisches Wattenmeer, mit dem Schwimmenden Moor, einzigartig. Schweiburg, 800 m zum Jadebusendeich in der Gemeinde Jade, liegt zentral zu den Seehafenst\u00e4dten Wilhemshaven und Bremerhaven, sowie Brake und Elsfleth. Der Jaderpark, Tierpark&hellip; <\/p>\n","protected":false},"author":1,"featured_media":20,"parent":0,"menu_order":0,"comment_status":"closed","ping_status":"closed","template":"","meta":[],"_links":{"self":[{"href":"https:\/\/www.fewo-huelsmann.de\/index.php?rest_route=\/wp\/v2\/pages\/54"}],"collection":[{"href":"https:\/\/www.fewo-huelsmann.de\/index.php?rest_route=\/wp\/v2\/pages"}],"about":[{"href":"https:\/\/www.fewo-huelsmann.de\/index.php?rest_route=\/wp\/v2\/types\/page"}],"author":[{"embeddable":true,"href":"https:\/\/www.fewo-huelsmann.de\/index.php?rest_route=\/wp\/v2\/users\/1"}],"replies":[{"embeddable":true,"href":"https:\/\/www.fewo-huelsmann.de\/index.php?rest_route=%2Fwp%2Fv2%2Fcomments&post=54"}],"version-history":[{"count":2,"href":"https:\/\/www.fewo-huelsmann.de\/index.php?rest_route=\/wp\/v2\/pages\/54\/revisions"}],"predecessor-version":[{"id":202,"href":"https:\/\/www.fewo-huelsmann.de\/index.php?rest_route=\/wp\/v2\/pages\/54\/revisions\/202"}],"wp:featuredmedia":[{"embeddable":true,"href":"https:\/\/www.fewo-huelsmann.de\/index.php?rest_route=\/wp\/v2\/media\/20"}],"wp:attachment":[{"href":"https:\/\/www.fewo-huelsmann.de\/index.php?rest_route=%2Fwp%2Fv2%2Fmedia&parent=54"}],"curies":[{"name":"wp","href":"https:\/\/api.w.org\/{rel}","templated":true}]}}