{"id":159,"date":"2015-07-03T11:17:13","date_gmt":"2015-07-03T10:17:13","guid":{"rendered":"http:\/\/invictus-senjin.de\/fewo-huelsmann\/?page_id=159"},"modified":"2020-06-03T12:44:16","modified_gmt":"2020-06-03T10:44:16","slug":"kreativ-urlaub","status":"publish","type":"page","link":"https:\/\/www.fewo-huelsmann.de\/?page_id=159","title":{"rendered":"Kreativ-Urlaub"},"content":{"rendered":"<h5>T\u00f6pferkurs f\u00fcr Anf\u00e4nger<\/h5>\n<p>Liebe G\u00e4ste, in der Vor- und Nach-Saison bieten wir wieder unseren &#8222;T\u00f6pferkurs f\u00fcr Anf\u00e4nger&#8220; an.<\/p>\n<div>Es wird ein Tonschnupperkurs, unter Anleitung, angeboten.<\/div>\n<div>Als Anf\u00e4nger\u00a0werden\u00a0Kleinteile gefertigt, um f\u00fcrs Tonformen ein Gef\u00fchl zu entwickeln.<\/div>\n<div>Die\u00a0Teile werden nach der Trocknung gebrannt, dann angemalt und abschlie\u00dfend finde der Glasurbrand statt.<\/div>\n<div>Danach hat man das fertige Teil, als sch\u00f6ne Urlaubserinnerung, zum mitnehmen.<\/div>\n<div><\/div>\n<p>Bei Interesse fragen Sie uns.<\/p>\n","protected":false},"excerpt":{"rendered":"<p>T\u00f6pferkurs f\u00fcr Anf\u00e4nger Liebe G\u00e4ste, in der Vor- und Nach-Saison bieten wir wieder unseren &#8222;T\u00f6pferkurs f\u00fcr Anf\u00e4nger&#8220; an. Es wird ein Tonschnupperkurs, unter Anleitung, angeboten. Als Anf\u00e4nger\u00a0werden\u00a0Kleinteile gefertigt, um f\u00fcrs Tonformen ein Gef\u00fchl zu entwickeln. Die\u00a0Teile werden nach der Trocknung&hellip; <\/p>\n","protected":false},"author":1,"featured_media":0,"parent":0,"menu_order":2,"comment_status":"closed","ping_status":"closed","template":"","meta":[],"_links":{"self":[{"href":"https:\/\/www.fewo-huelsmann.de\/index.php?rest_route=\/wp\/v2\/pages\/159"}],"collection":[{"href":"https:\/\/www.fewo-huelsmann.de\/index.php?rest_route=\/wp\/v2\/pages"}],"about":[{"href":"https:\/\/www.fewo-huelsmann.de\/index.php?rest_route=\/wp\/v2\/types\/page"}],"author":[{"embeddable":true,"href":"https:\/\/www.fewo-huelsmann.de\/index.php?rest_route=\/wp\/v2\/users\/1"}],"replies":[{"embeddable":true,"href":"https:\/\/www.fewo-huelsmann.de\/index.php?rest_route=%2Fwp%2Fv2%2Fcomments&post=159"}],"version-history":[{"count":3,"href":"https:\/\/www.fewo-huelsmann.de\/index.php?rest_route=\/wp\/v2\/pages\/159\/revisions"}],"predecessor-version":[{"id":212,"href":"https:\/\/www.fewo-huelsmann.de\/index.php?rest_route=\/wp\/v2\/pages\/159\/revisions\/212"}],"wp:attachment":[{"href":"https:\/\/www.fewo-huelsmann.de\/index.php?rest_route=%2Fwp%2Fv2%2Fmedia&parent=159"}],"curies":[{"name":"wp","href":"https:\/\/api.w.org\/{rel}","templated":true}]}}